{"id":632,"date":"2022-10-30T22:07:51","date_gmt":"2022-10-30T20:07:51","guid":{"rendered":"https:\/\/merlerandmae.com\/?page_id=632"},"modified":"2022-10-30T22:07:51","modified_gmt":"2022-10-30T20:07:51","slug":"night-light","status":"publish","type":"page","link":"https:\/\/merlerandmae.com\/en\/night-light\/","title":{"rendered":"NIGHT LIGHT"},"content":{"rendered":"<p>The Night Light jewelry series is inspired by the nature of Estonia &#8211; the white nights of the summer solstice and the pitch darkness of the autumn months.\u00a0 The jewelry is decorated with the shades of the night sky, from the silvery white and bottomless blue of the clouds to the night black of the starry sky, with the glowing gold of the full moon adding mystery.<\/p>\n<p><img loading=\"lazy\" decoding=\"async\" class=\"aligncenter size-full wp-image-629\" src=\"https:\/\/merlerandmae.com\/wp-content\/uploads\/2022\/10\/Stiilipilt-1-scaled.jpg\" alt=\"\" width=\"1707\" height=\"2560\" srcset=\"https:\/\/merlerandmae.com\/wp-content\/uploads\/2022\/10\/Stiilipilt-1-scaled.jpg 1707w, https:\/\/merlerandmae.com\/wp-content\/uploads\/2022\/10\/Stiilipilt-1-200x300.jpg 200w, https:\/\/merlerandmae.com\/wp-content\/uploads\/2022\/10\/Stiilipilt-1-683x1024.jpg 683w, https:\/\/merlerandmae.com\/wp-content\/uploads\/2022\/10\/Stiilipilt-1-768x1152.jpg 768w, https:\/\/merlerandmae.com\/wp-content\/uploads\/2022\/10\/Stiilipilt-1-1024x1536.jpg 1024w, https:\/\/merlerandmae.com\/wp-content\/uploads\/2022\/10\/Stiilipilt-1-1365x2048.jpg 1365w, https:\/\/merlerandmae.com\/wp-content\/uploads\/2022\/10\/Stiilipilt-1-600x900.jpg 600w\" sizes=\"auto, (max-width: 1707px) 100vw, 1707px\" \/><\/p>\n","protected":false},"excerpt":{"rendered":"<p>The Night Light jewelry series is inspired by the nature of Estonia &#8211; the white nights of the summer solstice and the pitch darkness of the autumn months.\u00a0 The jewelry is decorated with the shades of the night sky, from the silvery white and bottomless blue of the clouds to the night black of the [&hellip;]<\/p>\n","protected":false},"author":1,"featured_media":0,"parent":0,"menu_order":0,"comment_status":"closed","ping_status":"closed","template":"","meta":{"_acf_changed":false,"footnotes":""},"class_list":["post-632","page","type-page","status-publish","hentry"],"acf":[],"yoast_head":"<!-- This site is optimized with the Yoast SEO plugin v26.8 - https:\/\/yoast.com\/product\/yoast-seo-wordpress\/ -->\n<title>NIGHT LIGHT &#8226; L\u00d5\u00d5M by Merle Randm\u00e4e | Eesti disain<\/title>\n<meta name=\"description\" content=\"L\u00d5\u00d5M ehtedisain on julge ja eneseteadlik, armastab m\u00e4ngulisust ja ajatut minimalismi. K\u00f5ik on Eesti disain ja k\u00e4sit\u00f6\u00f6. Vaata valikut siit!\" \/>\n<meta name=\"robots\" content=\"index, follow, max-snippet:-1, max-image-preview:large, max-video-preview:-1\" \/>\n<link rel=\"canonical\" href=\"https:\/\/merlerandmae.com\/en\/night-light\/\" \/>\n<meta property=\"og:locale\" content=\"en_US\" \/>\n<meta property=\"og:type\" content=\"article\" \/>\n<meta property=\"og:title\" content=\"NIGHT LIGHT &#8226; L\u00d5\u00d5M by Merle Randm\u00e4e | Eesti disain\" \/>\n<meta property=\"og:description\" content=\"L\u00d5\u00d5M ehtedisain on julge ja eneseteadlik, armastab m\u00e4ngulisust ja ajatut minimalismi. K\u00f5ik on Eesti disain ja k\u00e4sit\u00f6\u00f6. Vaata valikut siit!\" \/>\n<meta property=\"og:url\" content=\"https:\/\/merlerandmae.com\/en\/night-light\/\" \/>\n<meta property=\"og:site_name\" content=\"L\u00d5\u00d5M by Merle Randm\u00e4e | Eesti disain\" \/>\n<meta property=\"og:image\" content=\"https:\/\/merlerandmae.com\/wp-content\/uploads\/2022\/10\/Stiilipilt-1-scaled.jpg\" \/>\n<meta name=\"twitter:card\" content=\"summary_large_image\" \/>\n<meta name=\"twitter:label1\" content=\"Est. reading time\" \/>\n\t<meta name=\"twitter:data1\" content=\"1 minute\" \/>\n<script type=\"application\/ld+json\" class=\"yoast-schema-graph\">{\"@context\":\"https:\/\/schema.org\",\"@graph\":[{\"@type\":\"WebPage\",\"@id\":\"https:\/\/merlerandmae.com\/en\/night-light\/\",\"url\":\"https:\/\/merlerandmae.com\/en\/night-light\/\",\"name\":\"NIGHT LIGHT &#8226; L\u00d5\u00d5M by Merle Randm\u00e4e | Eesti disain\",\"isPartOf\":{\"@id\":\"https:\/\/merlerandmae.com\/#website\"},\"primaryImageOfPage\":{\"@id\":\"https:\/\/merlerandmae.com\/en\/night-light\/#primaryimage\"},\"image\":{\"@id\":\"https:\/\/merlerandmae.com\/en\/night-light\/#primaryimage\"},\"thumbnailUrl\":\"https:\/\/merlerandmae.com\/wp-content\/uploads\/2022\/10\/Stiilipilt-1-scaled.jpg\",\"datePublished\":\"2022-10-30T20:07:51+00:00\",\"description\":\"L\u00d5\u00d5M ehtedisain on julge ja eneseteadlik, armastab m\u00e4ngulisust ja ajatut minimalismi. K\u00f5ik on Eesti disain ja k\u00e4sit\u00f6\u00f6. Vaata valikut siit!\",\"breadcrumb\":{\"@id\":\"https:\/\/merlerandmae.com\/en\/night-light\/#breadcrumb\"},\"inLanguage\":\"en-US\",\"potentialAction\":[{\"@type\":\"ReadAction\",\"target\":[\"https:\/\/merlerandmae.com\/en\/night-light\/\"]}]},{\"@type\":\"ImageObject\",\"inLanguage\":\"en-US\",\"@id\":\"https:\/\/merlerandmae.com\/en\/night-light\/#primaryimage\",\"url\":\"https:\/\/merlerandmae.com\/wp-content\/uploads\/2022\/10\/Stiilipilt-1-scaled.jpg\",\"contentUrl\":\"https:\/\/merlerandmae.com\/wp-content\/uploads\/2022\/10\/Stiilipilt-1-scaled.jpg\"},{\"@type\":\"BreadcrumbList\",\"@id\":\"https:\/\/merlerandmae.com\/en\/night-light\/#breadcrumb\",\"itemListElement\":[{\"@type\":\"ListItem\",\"position\":1,\"name\":\"Home\",\"item\":\"https:\/\/merlerandmae.com\/en\/\"},{\"@type\":\"ListItem\",\"position\":2,\"name\":\"NIGHT LIGHT\"}]},{\"@type\":\"WebSite\",\"@id\":\"https:\/\/merlerandmae.com\/#website\",\"url\":\"https:\/\/merlerandmae.com\/\",\"name\":\"L\u00d5\u00d5M by Merle Randm\u00e4e | Eesti disain\",\"description\":\"K\u00e4sit\u00f6\u00f6ehted, k\u00f5rvar\u00f5ngad, ripatsid\",\"publisher\":{\"@id\":\"https:\/\/merlerandmae.com\/#organization\"},\"potentialAction\":[{\"@type\":\"SearchAction\",\"target\":{\"@type\":\"EntryPoint\",\"urlTemplate\":\"https:\/\/merlerandmae.com\/?s={search_term_string}\"},\"query-input\":{\"@type\":\"PropertyValueSpecification\",\"valueRequired\":true,\"valueName\":\"search_term_string\"}}],\"inLanguage\":\"en-US\"},{\"@type\":\"Organization\",\"@id\":\"https:\/\/merlerandmae.com\/#organization\",\"name\":\"L\u00d5\u00d5M by Merle Randm\u00e4e | Eesti disain\",\"url\":\"https:\/\/merlerandmae.com\/\",\"logo\":{\"@type\":\"ImageObject\",\"inLanguage\":\"en-US\",\"@id\":\"https:\/\/merlerandmae.com\/#\/schema\/logo\/image\/\",\"url\":\"https:\/\/merlerandmae.com\/wp-content\/uploads\/2020\/11\/LOOM_logo.svg\",\"contentUrl\":\"https:\/\/merlerandmae.com\/wp-content\/uploads\/2020\/11\/LOOM_logo.svg\",\"width\":128,\"height\":100,\"caption\":\"L\u00d5\u00d5M by Merle Randm\u00e4e | Eesti disain\"},\"image\":{\"@id\":\"https:\/\/merlerandmae.com\/#\/schema\/logo\/image\/\"}}]}<\/script>\n<!-- \/ Yoast SEO plugin. -->","yoast_head_json":{"title":"NIGHT LIGHT &#8226; L\u00d5\u00d5M by Merle Randm\u00e4e | Eesti disain","description":"L\u00d5\u00d5M ehtedisain on julge ja eneseteadlik, armastab m\u00e4ngulisust ja ajatut minimalismi. K\u00f5ik on Eesti disain ja k\u00e4sit\u00f6\u00f6. Vaata valikut siit!","robots":{"index":"index","follow":"follow","max-snippet":"max-snippet:-1","max-image-preview":"max-image-preview:large","max-video-preview":"max-video-preview:-1"},"canonical":"https:\/\/merlerandmae.com\/en\/night-light\/","og_locale":"en_US","og_type":"article","og_title":"NIGHT LIGHT &#8226; L\u00d5\u00d5M by Merle Randm\u00e4e | Eesti disain","og_description":"L\u00d5\u00d5M ehtedisain on julge ja eneseteadlik, armastab m\u00e4ngulisust ja ajatut minimalismi. K\u00f5ik on Eesti disain ja k\u00e4sit\u00f6\u00f6. Vaata valikut siit!","og_url":"https:\/\/merlerandmae.com\/en\/night-light\/","og_site_name":"L\u00d5\u00d5M by Merle Randm\u00e4e | Eesti disain","og_image":[{"url":"https:\/\/merlerandmae.com\/wp-content\/uploads\/2022\/10\/Stiilipilt-1-scaled.jpg","type":"","width":"","height":""}],"twitter_card":"summary_large_image","twitter_misc":{"Est. reading time":"1 minute"},"schema":{"@context":"https:\/\/schema.org","@graph":[{"@type":"WebPage","@id":"https:\/\/merlerandmae.com\/en\/night-light\/","url":"https:\/\/merlerandmae.com\/en\/night-light\/","name":"NIGHT LIGHT &#8226; L\u00d5\u00d5M by Merle Randm\u00e4e | Eesti disain","isPartOf":{"@id":"https:\/\/merlerandmae.com\/#website"},"primaryImageOfPage":{"@id":"https:\/\/merlerandmae.com\/en\/night-light\/#primaryimage"},"image":{"@id":"https:\/\/merlerandmae.com\/en\/night-light\/#primaryimage"},"thumbnailUrl":"https:\/\/merlerandmae.com\/wp-content\/uploads\/2022\/10\/Stiilipilt-1-scaled.jpg","datePublished":"2022-10-30T20:07:51+00:00","description":"L\u00d5\u00d5M ehtedisain on julge ja eneseteadlik, armastab m\u00e4ngulisust ja ajatut minimalismi. K\u00f5ik on Eesti disain ja k\u00e4sit\u00f6\u00f6. Vaata valikut siit!","breadcrumb":{"@id":"https:\/\/merlerandmae.com\/en\/night-light\/#breadcrumb"},"inLanguage":"en-US","potentialAction":[{"@type":"ReadAction","target":["https:\/\/merlerandmae.com\/en\/night-light\/"]}]},{"@type":"ImageObject","inLanguage":"en-US","@id":"https:\/\/merlerandmae.com\/en\/night-light\/#primaryimage","url":"https:\/\/merlerandmae.com\/wp-content\/uploads\/2022\/10\/Stiilipilt-1-scaled.jpg","contentUrl":"https:\/\/merlerandmae.com\/wp-content\/uploads\/2022\/10\/Stiilipilt-1-scaled.jpg"},{"@type":"BreadcrumbList","@id":"https:\/\/merlerandmae.com\/en\/night-light\/#breadcrumb","itemListElement":[{"@type":"ListItem","position":1,"name":"Home","item":"https:\/\/merlerandmae.com\/en\/"},{"@type":"ListItem","position":2,"name":"NIGHT LIGHT"}]},{"@type":"WebSite","@id":"https:\/\/merlerandmae.com\/#website","url":"https:\/\/merlerandmae.com\/","name":"L\u00d5\u00d5M by Merle Randm\u00e4e | Eesti disain","description":"K\u00e4sit\u00f6\u00f6ehted, k\u00f5rvar\u00f5ngad, ripatsid","publisher":{"@id":"https:\/\/merlerandmae.com\/#organization"},"potentialAction":[{"@type":"SearchAction","target":{"@type":"EntryPoint","urlTemplate":"https:\/\/merlerandmae.com\/?s={search_term_string}"},"query-input":{"@type":"PropertyValueSpecification","valueRequired":true,"valueName":"search_term_string"}}],"inLanguage":"en-US"},{"@type":"Organization","@id":"https:\/\/merlerandmae.com\/#organization","name":"L\u00d5\u00d5M by Merle Randm\u00e4e | Eesti disain","url":"https:\/\/merlerandmae.com\/","logo":{"@type":"ImageObject","inLanguage":"en-US","@id":"https:\/\/merlerandmae.com\/#\/schema\/logo\/image\/","url":"https:\/\/merlerandmae.com\/wp-content\/uploads\/2020\/11\/LOOM_logo.svg","contentUrl":"https:\/\/merlerandmae.com\/wp-content\/uploads\/2020\/11\/LOOM_logo.svg","width":128,"height":100,"caption":"L\u00d5\u00d5M by Merle Randm\u00e4e | Eesti disain"},"image":{"@id":"https:\/\/merlerandmae.com\/#\/schema\/logo\/image\/"}}]}},"_links":{"self":[{"href":"https:\/\/merlerandmae.com\/en\/wp-json\/wp\/v2\/pages\/632","targetHints":{"allow":["GET"]}}],"collection":[{"href":"https:\/\/merlerandmae.com\/en\/wp-json\/wp\/v2\/pages"}],"about":[{"href":"https:\/\/merlerandmae.com\/en\/wp-json\/wp\/v2\/types\/page"}],"author":[{"embeddable":true,"href":"https:\/\/merlerandmae.com\/en\/wp-json\/wp\/v2\/users\/1"}],"replies":[{"embeddable":true,"href":"https:\/\/merlerandmae.com\/en\/wp-json\/wp\/v2\/comments?post=632"}],"version-history":[{"count":2,"href":"https:\/\/merlerandmae.com\/en\/wp-json\/wp\/v2\/pages\/632\/revisions"}],"predecessor-version":[{"id":634,"href":"https:\/\/merlerandmae.com\/en\/wp-json\/wp\/v2\/pages\/632\/revisions\/634"}],"wp:attachment":[{"href":"https:\/\/merlerandmae.com\/en\/wp-json\/wp\/v2\/media?parent=632"}],"curies":[{"name":"wp","href":"https:\/\/api.w.org\/{rel}","templated":true}]}}