{"id":520,"date":"2021-01-07T12:25:41","date_gmt":"2021-01-07T10:25:41","guid":{"rendered":"https:\/\/merlerandmae.com\/toode\/necklace-air-pearls\/"},"modified":"2022-10-31T20:10:31","modified_gmt":"2022-10-31T18:10:31","slug":"necklace-air-pearls","status":"publish","type":"product","link":"https:\/\/merlerandmae.com\/en\/toode\/necklace-air-pearls\/","title":{"rendered":"NECKLACE AIR-PEARLS"},"content":{"rendered":"<h3 style=\"text-align: center;\"><strong>NECKLACE AIR-PEARLS<br \/>\n<\/strong><\/h3>\n<hr \/>\n<h4 style=\"text-align: center;\">One jewel, many options.<\/h4>\n<h4 style=\"text-align: center;\">The necklace is wearable in many ways to match different outfits<\/h4>\n<h4 style=\"text-align: center;\">Unique and handmade<br \/>\nMade of 925 Silver<br \/>\nPacked into beautyful giftbox<br \/>\nEstonian design<br \/>\n___<\/h4>\n<h4 style=\"text-align: center;\">Chain lenght 90cm<br \/>\nWeight 11,7g<\/h4>\n<h4 style=\"text-align: center;\">If you didnt find perfect match,<br \/>\nplease contact us!<\/h4>\n","protected":false},"excerpt":{"rendered":"<p>NECKLACE AIR-PEARLS One jewel, many options. The necklace is wearable in many ways to match different outfits Unique and handmade Made of 925 Silver Packed into beautyful giftbox Estonian design ___ Chain lenght 90cm Weight 11,7g If you didnt find perfect match, please contact us!<\/p>\n","protected":false},"featured_media":293,"template":"","meta":{"_acf_changed":false},"product_brand":[],"product_cat":[51,46,58],"product_tag":[],"class_list":{"0":"post-520","1":"product","2":"type-product","3":"status-publish","4":"has-post-thumbnail","6":"product_cat-air-en","7":"product_cat-crown","8":"product_cat-necklaces","10":"first","11":"instock","12":"taxable","13":"shipping-taxable","14":"purchasable","15":"product-type-simple"},"acf":[],"yoast_head":"<!-- This site is optimized with the Yoast SEO plugin v26.8 - https:\/\/yoast.com\/product\/yoast-seo-wordpress\/ -->\n<title>NECKLACE AIR-PEARLS &#8226; L\u00d5\u00d5M by Merle Randm\u00e4e | Eesti disain<\/title>\n<meta name=\"description\" content=\"L\u00d5\u00d5M ehtedisain on julge ja eneseteadlik, armastab m\u00e4ngulisust ja ajatut minimalismi. K\u00f5ik on Eesti disain ja k\u00e4sit\u00f6\u00f6. Vaata valikut siit!\" \/>\n<meta name=\"robots\" content=\"index, follow, max-snippet:-1, max-image-preview:large, max-video-preview:-1\" \/>\n<link rel=\"canonical\" href=\"https:\/\/merlerandmae.com\/en\/toode\/necklace-air-pearls\/\" \/>\n<meta property=\"og:locale\" content=\"en_US\" \/>\n<meta property=\"og:type\" content=\"article\" \/>\n<meta property=\"og:title\" content=\"NECKLACE AIR-PEARLS &#8226; L\u00d5\u00d5M by Merle Randm\u00e4e | Eesti disain\" \/>\n<meta property=\"og:description\" content=\"L\u00d5\u00d5M ehtedisain on julge ja eneseteadlik, armastab m\u00e4ngulisust ja ajatut minimalismi. K\u00f5ik on Eesti disain ja k\u00e4sit\u00f6\u00f6. Vaata valikut siit!\" \/>\n<meta property=\"og:url\" content=\"https:\/\/merlerandmae.com\/en\/toode\/necklace-air-pearls\/\" \/>\n<meta property=\"og:site_name\" content=\"L\u00d5\u00d5M by Merle Randm\u00e4e | Eesti disain\" \/>\n<meta property=\"article:modified_time\" content=\"2022-10-31T18:10:31+00:00\" \/>\n<meta property=\"og:image\" content=\"https:\/\/merlerandmae.com\/wp-content\/uploads\/2021\/01\/ehted-25-1ohk-1.jpg\" \/>\n\t<meta property=\"og:image:width\" content=\"1501\" \/>\n\t<meta property=\"og:image:height\" content=\"2250\" \/>\n\t<meta property=\"og:image:type\" content=\"image\/jpeg\" \/>\n<meta name=\"twitter:card\" content=\"summary_large_image\" \/>\n<script type=\"application\/ld+json\" class=\"yoast-schema-graph\">{\"@context\":\"https:\/\/schema.org\",\"@graph\":[{\"@type\":\"WebPage\",\"@id\":\"https:\/\/merlerandmae.com\/en\/toode\/necklace-air-pearls\/\",\"url\":\"https:\/\/merlerandmae.com\/en\/toode\/necklace-air-pearls\/\",\"name\":\"NECKLACE AIR-PEARLS &#8226; L\u00d5\u00d5M by Merle Randm\u00e4e | Eesti disain\",\"isPartOf\":{\"@id\":\"https:\/\/merlerandmae.com\/#website\"},\"primaryImageOfPage\":{\"@id\":\"https:\/\/merlerandmae.com\/en\/toode\/necklace-air-pearls\/#primaryimage\"},\"image\":{\"@id\":\"https:\/\/merlerandmae.com\/en\/toode\/necklace-air-pearls\/#primaryimage\"},\"thumbnailUrl\":\"https:\/\/merlerandmae.com\/wp-content\/uploads\/2021\/01\/ehted-25-1ohk-1.jpg\",\"datePublished\":\"2021-01-07T10:25:41+00:00\",\"dateModified\":\"2022-10-31T18:10:31+00:00\",\"description\":\"L\u00d5\u00d5M ehtedisain on julge ja eneseteadlik, armastab m\u00e4ngulisust ja ajatut minimalismi. K\u00f5ik on Eesti disain ja k\u00e4sit\u00f6\u00f6. Vaata valikut siit!\",\"breadcrumb\":{\"@id\":\"https:\/\/merlerandmae.com\/en\/toode\/necklace-air-pearls\/#breadcrumb\"},\"inLanguage\":\"en-US\",\"potentialAction\":[{\"@type\":\"ReadAction\",\"target\":[\"https:\/\/merlerandmae.com\/en\/toode\/necklace-air-pearls\/\"]}]},{\"@type\":\"ImageObject\",\"inLanguage\":\"en-US\",\"@id\":\"https:\/\/merlerandmae.com\/en\/toode\/necklace-air-pearls\/#primaryimage\",\"url\":\"https:\/\/merlerandmae.com\/wp-content\/uploads\/2021\/01\/ehted-25-1ohk-1.jpg\",\"contentUrl\":\"https:\/\/merlerandmae.com\/wp-content\/uploads\/2021\/01\/ehted-25-1ohk-1.jpg\",\"width\":1501,\"height\":2250},{\"@type\":\"BreadcrumbList\",\"@id\":\"https:\/\/merlerandmae.com\/en\/toode\/necklace-air-pearls\/#breadcrumb\",\"itemListElement\":[{\"@type\":\"ListItem\",\"position\":1,\"name\":\"Home\",\"item\":\"https:\/\/www.merlerandmae.com\/en\/\"},{\"@type\":\"ListItem\",\"position\":2,\"name\":\"Shop\",\"item\":\"https:\/\/www.merlerandmae.com\/en\/shop\/\"},{\"@type\":\"ListItem\",\"position\":3,\"name\":\"NECKLACE AIR-PEARLS\"}]},{\"@type\":\"WebSite\",\"@id\":\"https:\/\/merlerandmae.com\/#website\",\"url\":\"https:\/\/merlerandmae.com\/\",\"name\":\"L\u00d5\u00d5M by Merle Randm\u00e4e | Eesti disain\",\"description\":\"K\u00e4sit\u00f6\u00f6ehted, k\u00f5rvar\u00f5ngad, ripatsid\",\"publisher\":{\"@id\":\"https:\/\/merlerandmae.com\/#organization\"},\"potentialAction\":[{\"@type\":\"SearchAction\",\"target\":{\"@type\":\"EntryPoint\",\"urlTemplate\":\"https:\/\/merlerandmae.com\/?s={search_term_string}\"},\"query-input\":{\"@type\":\"PropertyValueSpecification\",\"valueRequired\":true,\"valueName\":\"search_term_string\"}}],\"inLanguage\":\"en-US\"},{\"@type\":\"Organization\",\"@id\":\"https:\/\/merlerandmae.com\/#organization\",\"name\":\"L\u00d5\u00d5M by Merle Randm\u00e4e | Eesti disain\",\"url\":\"https:\/\/merlerandmae.com\/\",\"logo\":{\"@type\":\"ImageObject\",\"inLanguage\":\"en-US\",\"@id\":\"https:\/\/merlerandmae.com\/#\/schema\/logo\/image\/\",\"url\":\"https:\/\/merlerandmae.com\/wp-content\/uploads\/2020\/11\/LOOM_logo.svg\",\"contentUrl\":\"https:\/\/merlerandmae.com\/wp-content\/uploads\/2020\/11\/LOOM_logo.svg\",\"width\":128,\"height\":100,\"caption\":\"L\u00d5\u00d5M by Merle Randm\u00e4e | Eesti disain\"},\"image\":{\"@id\":\"https:\/\/merlerandmae.com\/#\/schema\/logo\/image\/\"}}]}<\/script>\n<!-- \/ Yoast SEO plugin. -->","yoast_head_json":{"title":"NECKLACE AIR-PEARLS &#8226; L\u00d5\u00d5M by Merle Randm\u00e4e | Eesti disain","description":"L\u00d5\u00d5M ehtedisain on julge ja eneseteadlik, armastab m\u00e4ngulisust ja ajatut minimalismi. K\u00f5ik on Eesti disain ja k\u00e4sit\u00f6\u00f6. Vaata valikut siit!","robots":{"index":"index","follow":"follow","max-snippet":"max-snippet:-1","max-image-preview":"max-image-preview:large","max-video-preview":"max-video-preview:-1"},"canonical":"https:\/\/merlerandmae.com\/en\/toode\/necklace-air-pearls\/","og_locale":"en_US","og_type":"article","og_title":"NECKLACE AIR-PEARLS &#8226; L\u00d5\u00d5M by Merle Randm\u00e4e | Eesti disain","og_description":"L\u00d5\u00d5M ehtedisain on julge ja eneseteadlik, armastab m\u00e4ngulisust ja ajatut minimalismi. K\u00f5ik on Eesti disain ja k\u00e4sit\u00f6\u00f6. Vaata valikut siit!","og_url":"https:\/\/merlerandmae.com\/en\/toode\/necklace-air-pearls\/","og_site_name":"L\u00d5\u00d5M by Merle Randm\u00e4e | Eesti disain","article_modified_time":"2022-10-31T18:10:31+00:00","og_image":[{"width":1501,"height":2250,"url":"https:\/\/merlerandmae.com\/wp-content\/uploads\/2021\/01\/ehted-25-1ohk-1.jpg","type":"image\/jpeg"}],"twitter_card":"summary_large_image","schema":{"@context":"https:\/\/schema.org","@graph":[{"@type":"WebPage","@id":"https:\/\/merlerandmae.com\/en\/toode\/necklace-air-pearls\/","url":"https:\/\/merlerandmae.com\/en\/toode\/necklace-air-pearls\/","name":"NECKLACE AIR-PEARLS &#8226; L\u00d5\u00d5M by Merle Randm\u00e4e | Eesti disain","isPartOf":{"@id":"https:\/\/merlerandmae.com\/#website"},"primaryImageOfPage":{"@id":"https:\/\/merlerandmae.com\/en\/toode\/necklace-air-pearls\/#primaryimage"},"image":{"@id":"https:\/\/merlerandmae.com\/en\/toode\/necklace-air-pearls\/#primaryimage"},"thumbnailUrl":"https:\/\/merlerandmae.com\/wp-content\/uploads\/2021\/01\/ehted-25-1ohk-1.jpg","datePublished":"2021-01-07T10:25:41+00:00","dateModified":"2022-10-31T18:10:31+00:00","description":"L\u00d5\u00d5M ehtedisain on julge ja eneseteadlik, armastab m\u00e4ngulisust ja ajatut minimalismi. K\u00f5ik on Eesti disain ja k\u00e4sit\u00f6\u00f6. Vaata valikut siit!","breadcrumb":{"@id":"https:\/\/merlerandmae.com\/en\/toode\/necklace-air-pearls\/#breadcrumb"},"inLanguage":"en-US","potentialAction":[{"@type":"ReadAction","target":["https:\/\/merlerandmae.com\/en\/toode\/necklace-air-pearls\/"]}]},{"@type":"ImageObject","inLanguage":"en-US","@id":"https:\/\/merlerandmae.com\/en\/toode\/necklace-air-pearls\/#primaryimage","url":"https:\/\/merlerandmae.com\/wp-content\/uploads\/2021\/01\/ehted-25-1ohk-1.jpg","contentUrl":"https:\/\/merlerandmae.com\/wp-content\/uploads\/2021\/01\/ehted-25-1ohk-1.jpg","width":1501,"height":2250},{"@type":"BreadcrumbList","@id":"https:\/\/merlerandmae.com\/en\/toode\/necklace-air-pearls\/#breadcrumb","itemListElement":[{"@type":"ListItem","position":1,"name":"Home","item":"https:\/\/www.merlerandmae.com\/en\/"},{"@type":"ListItem","position":2,"name":"Shop","item":"https:\/\/www.merlerandmae.com\/en\/shop\/"},{"@type":"ListItem","position":3,"name":"NECKLACE AIR-PEARLS"}]},{"@type":"WebSite","@id":"https:\/\/merlerandmae.com\/#website","url":"https:\/\/merlerandmae.com\/","name":"L\u00d5\u00d5M by Merle Randm\u00e4e | Eesti disain","description":"K\u00e4sit\u00f6\u00f6ehted, k\u00f5rvar\u00f5ngad, ripatsid","publisher":{"@id":"https:\/\/merlerandmae.com\/#organization"},"potentialAction":[{"@type":"SearchAction","target":{"@type":"EntryPoint","urlTemplate":"https:\/\/merlerandmae.com\/?s={search_term_string}"},"query-input":{"@type":"PropertyValueSpecification","valueRequired":true,"valueName":"search_term_string"}}],"inLanguage":"en-US"},{"@type":"Organization","@id":"https:\/\/merlerandmae.com\/#organization","name":"L\u00d5\u00d5M by Merle Randm\u00e4e | Eesti disain","url":"https:\/\/merlerandmae.com\/","logo":{"@type":"ImageObject","inLanguage":"en-US","@id":"https:\/\/merlerandmae.com\/#\/schema\/logo\/image\/","url":"https:\/\/merlerandmae.com\/wp-content\/uploads\/2020\/11\/LOOM_logo.svg","contentUrl":"https:\/\/merlerandmae.com\/wp-content\/uploads\/2020\/11\/LOOM_logo.svg","width":128,"height":100,"caption":"L\u00d5\u00d5M by Merle Randm\u00e4e | Eesti disain"},"image":{"@id":"https:\/\/merlerandmae.com\/#\/schema\/logo\/image\/"}}]}},"_links":{"self":[{"href":"https:\/\/merlerandmae.com\/en\/wp-json\/wp\/v2\/product\/520","targetHints":{"allow":["GET"]}}],"collection":[{"href":"https:\/\/merlerandmae.com\/en\/wp-json\/wp\/v2\/product"}],"about":[{"href":"https:\/\/merlerandmae.com\/en\/wp-json\/wp\/v2\/types\/product"}],"wp:featuredmedia":[{"embeddable":true,"href":"https:\/\/merlerandmae.com\/en\/wp-json\/wp\/v2\/media\/293"}],"wp:attachment":[{"href":"https:\/\/merlerandmae.com\/en\/wp-json\/wp\/v2\/media?parent=520"}],"wp:term":[{"taxonomy":"product_brand","embeddable":true,"href":"https:\/\/merlerandmae.com\/en\/wp-json\/wp\/v2\/product_brand?post=520"},{"taxonomy":"product_cat","embeddable":true,"href":"https:\/\/merlerandmae.com\/en\/wp-json\/wp\/v2\/product_cat?post=520"},{"taxonomy":"product_tag","embeddable":true,"href":"https:\/\/merlerandmae.com\/en\/wp-json\/wp\/v2\/product_tag?post=520"}],"curies":[{"name":"wp","href":"https:\/\/api.w.org\/{rel}","templated":true}]}}