{"id":521,"date":"2021-01-07T10:35:14","date_gmt":"2021-01-07T08:35:14","guid":{"rendered":"https:\/\/merlerandmae.com\/toode\/necklace-air\/"},"modified":"2022-10-31T20:11:44","modified_gmt":"2022-10-31T18:11:44","slug":"necklace-air","status":"publish","type":"product","link":"https:\/\/merlerandmae.com\/en\/toode\/necklace-air\/","title":{"rendered":"NECKLACE AIR"},"content":{"rendered":"<h3 style=\"text-align: center;\"><strong>NECKLACE AIR<br \/>\n<\/strong><\/h3>\n<hr \/>\n<h4 style=\"text-align: center;\">Base model is available with silver chain or black leather strap.<\/h4>\n<p>A knottable leather strap allows you to adjust the length of the jewelry<\/p>\n<h4 style=\"text-align: center;\">Unique and handmade<br \/>\nMade of 925 silver<br \/>\nPacked into beautiful giftbox<br \/>\nEstonian design<br \/>\n___<\/h4>\n<h4 style=\"text-align: center;\">Lenght of the chain\/strap 70cm<br \/>\nKaal 8,9g<\/h4>\n<h4 style=\"text-align: center;\">If you didn\u2019t find perfect jewelry for yourself ,<br \/>\nplease contact us.<\/h4>\n","protected":false},"excerpt":{"rendered":"<p>NECKLACE AIR Base model is available with silver chain or black leather strap. A knottable leather strap allows you to adjust the length of the jewelry Unique and handmade Made of 925 silver Packed into beautiful giftbox Estonian design ___ Lenght of the chain\/strap 70cm Kaal 8,9g If you didn\u2019t find perfect jewelry for yourself [&hellip;]<\/p>\n","protected":false},"featured_media":290,"template":"","meta":{"_acf_changed":false},"product_brand":[],"product_cat":[51,46,58],"product_tag":[],"class_list":{"0":"post-521","1":"product","2":"type-product","3":"status-publish","4":"has-post-thumbnail","6":"product_cat-air-en","7":"product_cat-crown","8":"product_cat-necklaces","10":"first","11":"instock","12":"taxable","13":"shipping-taxable","14":"purchasable","15":"product-type-variable"},"acf":[],"yoast_head":"<!-- This site is optimized with the Yoast SEO plugin v26.8 - https:\/\/yoast.com\/product\/yoast-seo-wordpress\/ -->\n<title>NECKLACE AIR &#8226; L\u00d5\u00d5M by Merle Randm\u00e4e | Eesti disain<\/title>\n<meta name=\"description\" content=\"L\u00d5\u00d5M ehtedisain on julge ja eneseteadlik, armastab m\u00e4ngulisust ja ajatut minimalismi. K\u00f5ik on Eesti disain ja k\u00e4sit\u00f6\u00f6. Vaata valikut siit!\" \/>\n<meta name=\"robots\" content=\"index, follow, max-snippet:-1, max-image-preview:large, max-video-preview:-1\" \/>\n<link rel=\"canonical\" href=\"https:\/\/www.merlerandmae.com\/en\/toode\/necklace-air\/\" \/>\n<meta property=\"og:locale\" content=\"en_US\" \/>\n<meta property=\"og:type\" content=\"article\" \/>\n<meta property=\"og:title\" content=\"NECKLACE AIR &#8226; L\u00d5\u00d5M by Merle Randm\u00e4e | Eesti disain\" \/>\n<meta property=\"og:description\" content=\"L\u00d5\u00d5M ehtedisain on julge ja eneseteadlik, armastab m\u00e4ngulisust ja ajatut minimalismi. K\u00f5ik on Eesti disain ja k\u00e4sit\u00f6\u00f6. Vaata valikut siit!\" \/>\n<meta property=\"og:url\" content=\"https:\/\/www.merlerandmae.com\/en\/toode\/necklace-air\/\" \/>\n<meta property=\"og:site_name\" content=\"L\u00d5\u00d5M by Merle Randm\u00e4e | Eesti disain\" \/>\n<meta property=\"article:modified_time\" content=\"2022-10-31T18:11:44+00:00\" \/>\n<meta property=\"og:image\" content=\"https:\/\/www.merlerandmae.com\/wp-content\/uploads\/2021\/01\/ehted-17Ohk-1.jpg\" \/>\n\t<meta property=\"og:image:width\" content=\"1500\" \/>\n\t<meta property=\"og:image:height\" content=\"2249\" \/>\n\t<meta property=\"og:image:type\" content=\"image\/jpeg\" \/>\n<meta name=\"twitter:card\" content=\"summary_large_image\" \/>\n<script type=\"application\/ld+json\" class=\"yoast-schema-graph\">{\"@context\":\"https:\/\/schema.org\",\"@graph\":[{\"@type\":\"WebPage\",\"@id\":\"https:\/\/www.merlerandmae.com\/en\/toode\/necklace-air\/\",\"url\":\"https:\/\/www.merlerandmae.com\/en\/toode\/necklace-air\/\",\"name\":\"NECKLACE AIR &#8226; L\u00d5\u00d5M by Merle Randm\u00e4e | Eesti disain\",\"isPartOf\":{\"@id\":\"https:\/\/merlerandmae.com\/en\/#website\"},\"primaryImageOfPage\":{\"@id\":\"https:\/\/www.merlerandmae.com\/en\/toode\/necklace-air\/#primaryimage\"},\"image\":{\"@id\":\"https:\/\/www.merlerandmae.com\/en\/toode\/necklace-air\/#primaryimage\"},\"thumbnailUrl\":\"https:\/\/www.merlerandmae.com\/wp-content\/uploads\/2021\/01\/ehted-17Ohk-1.jpg\",\"datePublished\":\"2021-01-07T08:35:14+00:00\",\"dateModified\":\"2022-10-31T18:11:44+00:00\",\"description\":\"L\u00d5\u00d5M ehtedisain on julge ja eneseteadlik, armastab m\u00e4ngulisust ja ajatut minimalismi. K\u00f5ik on Eesti disain ja k\u00e4sit\u00f6\u00f6. Vaata valikut siit!\",\"breadcrumb\":{\"@id\":\"https:\/\/www.merlerandmae.com\/en\/toode\/necklace-air\/#breadcrumb\"},\"inLanguage\":\"en-US\",\"potentialAction\":[{\"@type\":\"ReadAction\",\"target\":[\"https:\/\/www.merlerandmae.com\/en\/toode\/necklace-air\/\"]}]},{\"@type\":\"ImageObject\",\"inLanguage\":\"en-US\",\"@id\":\"https:\/\/www.merlerandmae.com\/en\/toode\/necklace-air\/#primaryimage\",\"url\":\"https:\/\/www.merlerandmae.com\/wp-content\/uploads\/2021\/01\/ehted-17Ohk-1.jpg\",\"contentUrl\":\"https:\/\/www.merlerandmae.com\/wp-content\/uploads\/2021\/01\/ehted-17Ohk-1.jpg\",\"width\":1500,\"height\":2249},{\"@type\":\"BreadcrumbList\",\"@id\":\"https:\/\/www.merlerandmae.com\/en\/toode\/necklace-air\/#breadcrumb\",\"itemListElement\":[{\"@type\":\"ListItem\",\"position\":1,\"name\":\"Home\",\"item\":\"https:\/\/merlerandmae.com\/en\/\"},{\"@type\":\"ListItem\",\"position\":2,\"name\":\"Shop\",\"item\":\"https:\/\/www.merlerandmae.com\/en\/shop\/\"},{\"@type\":\"ListItem\",\"position\":3,\"name\":\"NECKLACE AIR\"}]},{\"@type\":\"WebSite\",\"@id\":\"https:\/\/merlerandmae.com\/en\/#website\",\"url\":\"https:\/\/merlerandmae.com\/en\/\",\"name\":\"L\u00d5\u00d5M by Merle Randm\u00e4e | Eesti disain\",\"description\":\"K\u00e4sit\u00f6\u00f6ehted, k\u00f5rvar\u00f5ngad, ripatsid\",\"publisher\":{\"@id\":\"https:\/\/merlerandmae.com\/en\/#organization\"},\"potentialAction\":[{\"@type\":\"SearchAction\",\"target\":{\"@type\":\"EntryPoint\",\"urlTemplate\":\"https:\/\/merlerandmae.com\/en\/?s={search_term_string}\"},\"query-input\":{\"@type\":\"PropertyValueSpecification\",\"valueRequired\":true,\"valueName\":\"search_term_string\"}}],\"inLanguage\":\"en-US\"},{\"@type\":\"Organization\",\"@id\":\"https:\/\/merlerandmae.com\/en\/#organization\",\"name\":\"L\u00d5\u00d5M by Merle Randm\u00e4e | Eesti disain\",\"url\":\"https:\/\/merlerandmae.com\/en\/\",\"logo\":{\"@type\":\"ImageObject\",\"inLanguage\":\"en-US\",\"@id\":\"https:\/\/merlerandmae.com\/en\/#\/schema\/logo\/image\/\",\"url\":\"https:\/\/www.merlerandmae.com\/wp-content\/uploads\/2020\/11\/LOOM_logo.svg\",\"contentUrl\":\"https:\/\/www.merlerandmae.com\/wp-content\/uploads\/2020\/11\/LOOM_logo.svg\",\"width\":128,\"height\":100,\"caption\":\"L\u00d5\u00d5M by Merle Randm\u00e4e | Eesti disain\"},\"image\":{\"@id\":\"https:\/\/merlerandmae.com\/en\/#\/schema\/logo\/image\/\"}}]}<\/script>\n<!-- \/ Yoast SEO plugin. -->","yoast_head_json":{"title":"NECKLACE AIR &#8226; L\u00d5\u00d5M by Merle Randm\u00e4e | Eesti disain","description":"L\u00d5\u00d5M ehtedisain on julge ja eneseteadlik, armastab m\u00e4ngulisust ja ajatut minimalismi. K\u00f5ik on Eesti disain ja k\u00e4sit\u00f6\u00f6. Vaata valikut siit!","robots":{"index":"index","follow":"follow","max-snippet":"max-snippet:-1","max-image-preview":"max-image-preview:large","max-video-preview":"max-video-preview:-1"},"canonical":"https:\/\/www.merlerandmae.com\/en\/toode\/necklace-air\/","og_locale":"en_US","og_type":"article","og_title":"NECKLACE AIR &#8226; L\u00d5\u00d5M by Merle Randm\u00e4e | Eesti disain","og_description":"L\u00d5\u00d5M ehtedisain on julge ja eneseteadlik, armastab m\u00e4ngulisust ja ajatut minimalismi. K\u00f5ik on Eesti disain ja k\u00e4sit\u00f6\u00f6. Vaata valikut siit!","og_url":"https:\/\/www.merlerandmae.com\/en\/toode\/necklace-air\/","og_site_name":"L\u00d5\u00d5M by Merle Randm\u00e4e | Eesti disain","article_modified_time":"2022-10-31T18:11:44+00:00","og_image":[{"width":1500,"height":2249,"url":"https:\/\/www.merlerandmae.com\/wp-content\/uploads\/2021\/01\/ehted-17Ohk-1.jpg","type":"image\/jpeg"}],"twitter_card":"summary_large_image","schema":{"@context":"https:\/\/schema.org","@graph":[{"@type":"WebPage","@id":"https:\/\/www.merlerandmae.com\/en\/toode\/necklace-air\/","url":"https:\/\/www.merlerandmae.com\/en\/toode\/necklace-air\/","name":"NECKLACE AIR &#8226; L\u00d5\u00d5M by Merle Randm\u00e4e | Eesti disain","isPartOf":{"@id":"https:\/\/merlerandmae.com\/en\/#website"},"primaryImageOfPage":{"@id":"https:\/\/www.merlerandmae.com\/en\/toode\/necklace-air\/#primaryimage"},"image":{"@id":"https:\/\/www.merlerandmae.com\/en\/toode\/necklace-air\/#primaryimage"},"thumbnailUrl":"https:\/\/www.merlerandmae.com\/wp-content\/uploads\/2021\/01\/ehted-17Ohk-1.jpg","datePublished":"2021-01-07T08:35:14+00:00","dateModified":"2022-10-31T18:11:44+00:00","description":"L\u00d5\u00d5M ehtedisain on julge ja eneseteadlik, armastab m\u00e4ngulisust ja ajatut minimalismi. K\u00f5ik on Eesti disain ja k\u00e4sit\u00f6\u00f6. Vaata valikut siit!","breadcrumb":{"@id":"https:\/\/www.merlerandmae.com\/en\/toode\/necklace-air\/#breadcrumb"},"inLanguage":"en-US","potentialAction":[{"@type":"ReadAction","target":["https:\/\/www.merlerandmae.com\/en\/toode\/necklace-air\/"]}]},{"@type":"ImageObject","inLanguage":"en-US","@id":"https:\/\/www.merlerandmae.com\/en\/toode\/necklace-air\/#primaryimage","url":"https:\/\/www.merlerandmae.com\/wp-content\/uploads\/2021\/01\/ehted-17Ohk-1.jpg","contentUrl":"https:\/\/www.merlerandmae.com\/wp-content\/uploads\/2021\/01\/ehted-17Ohk-1.jpg","width":1500,"height":2249},{"@type":"BreadcrumbList","@id":"https:\/\/www.merlerandmae.com\/en\/toode\/necklace-air\/#breadcrumb","itemListElement":[{"@type":"ListItem","position":1,"name":"Home","item":"https:\/\/merlerandmae.com\/en\/"},{"@type":"ListItem","position":2,"name":"Shop","item":"https:\/\/www.merlerandmae.com\/en\/shop\/"},{"@type":"ListItem","position":3,"name":"NECKLACE AIR"}]},{"@type":"WebSite","@id":"https:\/\/merlerandmae.com\/en\/#website","url":"https:\/\/merlerandmae.com\/en\/","name":"L\u00d5\u00d5M by Merle Randm\u00e4e | Eesti disain","description":"K\u00e4sit\u00f6\u00f6ehted, k\u00f5rvar\u00f5ngad, ripatsid","publisher":{"@id":"https:\/\/merlerandmae.com\/en\/#organization"},"potentialAction":[{"@type":"SearchAction","target":{"@type":"EntryPoint","urlTemplate":"https:\/\/merlerandmae.com\/en\/?s={search_term_string}"},"query-input":{"@type":"PropertyValueSpecification","valueRequired":true,"valueName":"search_term_string"}}],"inLanguage":"en-US"},{"@type":"Organization","@id":"https:\/\/merlerandmae.com\/en\/#organization","name":"L\u00d5\u00d5M by Merle Randm\u00e4e | Eesti disain","url":"https:\/\/merlerandmae.com\/en\/","logo":{"@type":"ImageObject","inLanguage":"en-US","@id":"https:\/\/merlerandmae.com\/en\/#\/schema\/logo\/image\/","url":"https:\/\/www.merlerandmae.com\/wp-content\/uploads\/2020\/11\/LOOM_logo.svg","contentUrl":"https:\/\/www.merlerandmae.com\/wp-content\/uploads\/2020\/11\/LOOM_logo.svg","width":128,"height":100,"caption":"L\u00d5\u00d5M by Merle Randm\u00e4e | Eesti disain"},"image":{"@id":"https:\/\/merlerandmae.com\/en\/#\/schema\/logo\/image\/"}}]}},"_links":{"self":[{"href":"https:\/\/merlerandmae.com\/en\/wp-json\/wp\/v2\/product\/521","targetHints":{"allow":["GET"]}}],"collection":[{"href":"https:\/\/merlerandmae.com\/en\/wp-json\/wp\/v2\/product"}],"about":[{"href":"https:\/\/merlerandmae.com\/en\/wp-json\/wp\/v2\/types\/product"}],"wp:featuredmedia":[{"embeddable":true,"href":"https:\/\/merlerandmae.com\/en\/wp-json\/wp\/v2\/media\/290"}],"wp:attachment":[{"href":"https:\/\/merlerandmae.com\/en\/wp-json\/wp\/v2\/media?parent=521"}],"wp:term":[{"taxonomy":"product_brand","embeddable":true,"href":"https:\/\/merlerandmae.com\/en\/wp-json\/wp\/v2\/product_brand?post=521"},{"taxonomy":"product_cat","embeddable":true,"href":"https:\/\/merlerandmae.com\/en\/wp-json\/wp\/v2\/product_cat?post=521"},{"taxonomy":"product_tag","embeddable":true,"href":"https:\/\/merlerandmae.com\/en\/wp-json\/wp\/v2\/product_tag?post=521"}],"curies":[{"name":"wp","href":"https:\/\/api.w.org\/{rel}","templated":true}]}}