{"id":528,"date":"2020-12-08T13:27:11","date_gmt":"2020-12-08T11:27:11","guid":{"rendered":"https:\/\/merlerandmae.com\/toode\/necklace-water-drops\/"},"modified":"2022-10-31T20:14:05","modified_gmt":"2022-10-31T18:14:05","slug":"necklace-water-drops","status":"publish","type":"product","link":"https:\/\/merlerandmae.com\/en\/toode\/necklace-water-drops\/","title":{"rendered":"NECKLACE WATER DROPS"},"content":{"rendered":"<h3 style=\"text-align: center;\"><strong>NECKLACE WATER DROPS<br \/>\n<\/strong><\/h3>\n<hr \/>\n<h4 style=\"text-align: center;\">One jewel many options<\/h4>\n<h4 style=\"text-align: center;\">The necklace can be worn in many ways to match different moods.<\/h4>\n<h4 style=\"text-align: center;\">Unique and handmade<br \/>\nMade of 925 silver<br \/>\nPacked into beautiful giftbox<br \/>\nEstonian design<br \/>\n___<\/h4>\n<h4 style=\"text-align: center;\">Lenght of chain 90cm<br \/>\nWeight with chain 18,5g<\/h4>\n<h4 style=\"text-align: center;\">If you didn\u2019t find perfect jewelry for yourself,<br \/>\nplease contact us.<\/h4>\n","protected":false},"excerpt":{"rendered":"<p>NECKLACE WATER DROPS One jewel many options The necklace can be worn in many ways to match different moods. Unique and handmade Made of 925 silver Packed into beautiful giftbox Estonian design ___ Lenght of chain 90cm Weight with chain 18,5g If you didn\u2019t find perfect jewelry for yourself, please contact us.<\/p>\n","protected":false},"featured_media":302,"template":"","meta":{"_acf_changed":false},"product_brand":[],"product_cat":[46,58,53],"product_tag":[],"class_list":{"0":"post-528","1":"product","2":"type-product","3":"status-publish","4":"has-post-thumbnail","6":"product_cat-crown","7":"product_cat-necklaces","8":"product_cat-water-en","10":"first","11":"instock","12":"taxable","13":"shipping-taxable","14":"purchasable","15":"product-type-simple"},"acf":[],"yoast_head":"<!-- This site is optimized with the Yoast SEO plugin v26.8 - https:\/\/yoast.com\/product\/yoast-seo-wordpress\/ -->\n<title>NECKLACE WATER DROPS &#8226; L\u00d5\u00d5M by Merle Randm\u00e4e | Eesti disain<\/title>\n<meta name=\"description\" content=\"L\u00d5\u00d5M ehtedisain on julge ja eneseteadlik, armastab m\u00e4ngulisust ja ajatut minimalismi. K\u00f5ik on Eesti disain ja k\u00e4sit\u00f6\u00f6. Vaata valikut siit!\" \/>\n<meta name=\"robots\" content=\"index, follow, max-snippet:-1, max-image-preview:large, max-video-preview:-1\" \/>\n<link rel=\"canonical\" href=\"https:\/\/merlerandmae.com\/en\/toode\/necklace-water-drops\/\" \/>\n<meta property=\"og:locale\" content=\"en_US\" \/>\n<meta property=\"og:type\" content=\"article\" \/>\n<meta property=\"og:title\" content=\"NECKLACE WATER DROPS &#8226; L\u00d5\u00d5M by Merle Randm\u00e4e | Eesti disain\" \/>\n<meta property=\"og:description\" content=\"L\u00d5\u00d5M ehtedisain on julge ja eneseteadlik, armastab m\u00e4ngulisust ja ajatut minimalismi. K\u00f5ik on Eesti disain ja k\u00e4sit\u00f6\u00f6. Vaata valikut siit!\" \/>\n<meta property=\"og:url\" content=\"https:\/\/merlerandmae.com\/en\/toode\/necklace-water-drops\/\" \/>\n<meta property=\"og:site_name\" content=\"L\u00d5\u00d5M by Merle Randm\u00e4e | Eesti disain\" \/>\n<meta property=\"article:modified_time\" content=\"2022-10-31T18:14:05+00:00\" \/>\n<meta property=\"og:image\" content=\"https:\/\/merlerandmae.com\/wp-content\/uploads\/2020\/12\/ehted-23-1-VESI-3.jpg\" \/>\n\t<meta property=\"og:image:width\" content=\"1052\" \/>\n\t<meta property=\"og:image:height\" content=\"1578\" \/>\n\t<meta property=\"og:image:type\" content=\"image\/jpeg\" \/>\n<meta name=\"twitter:card\" content=\"summary_large_image\" \/>\n<script type=\"application\/ld+json\" class=\"yoast-schema-graph\">{\"@context\":\"https:\/\/schema.org\",\"@graph\":[{\"@type\":\"WebPage\",\"@id\":\"https:\/\/merlerandmae.com\/en\/toode\/necklace-water-drops\/\",\"url\":\"https:\/\/merlerandmae.com\/en\/toode\/necklace-water-drops\/\",\"name\":\"NECKLACE WATER DROPS &#8226; L\u00d5\u00d5M by Merle Randm\u00e4e | Eesti disain\",\"isPartOf\":{\"@id\":\"https:\/\/merlerandmae.com\/#website\"},\"primaryImageOfPage\":{\"@id\":\"https:\/\/merlerandmae.com\/en\/toode\/necklace-water-drops\/#primaryimage\"},\"image\":{\"@id\":\"https:\/\/merlerandmae.com\/en\/toode\/necklace-water-drops\/#primaryimage\"},\"thumbnailUrl\":\"https:\/\/merlerandmae.com\/wp-content\/uploads\/2020\/12\/ehted-23-1-VESI-3.jpg\",\"datePublished\":\"2020-12-08T11:27:11+00:00\",\"dateModified\":\"2022-10-31T18:14:05+00:00\",\"description\":\"L\u00d5\u00d5M ehtedisain on julge ja eneseteadlik, armastab m\u00e4ngulisust ja ajatut minimalismi. K\u00f5ik on Eesti disain ja k\u00e4sit\u00f6\u00f6. Vaata valikut siit!\",\"breadcrumb\":{\"@id\":\"https:\/\/merlerandmae.com\/en\/toode\/necklace-water-drops\/#breadcrumb\"},\"inLanguage\":\"en-US\",\"potentialAction\":[{\"@type\":\"ReadAction\",\"target\":[\"https:\/\/merlerandmae.com\/en\/toode\/necklace-water-drops\/\"]}]},{\"@type\":\"ImageObject\",\"inLanguage\":\"en-US\",\"@id\":\"https:\/\/merlerandmae.com\/en\/toode\/necklace-water-drops\/#primaryimage\",\"url\":\"https:\/\/merlerandmae.com\/wp-content\/uploads\/2020\/12\/ehted-23-1-VESI-3.jpg\",\"contentUrl\":\"https:\/\/merlerandmae.com\/wp-content\/uploads\/2020\/12\/ehted-23-1-VESI-3.jpg\",\"width\":1052,\"height\":1578},{\"@type\":\"BreadcrumbList\",\"@id\":\"https:\/\/merlerandmae.com\/en\/toode\/necklace-water-drops\/#breadcrumb\",\"itemListElement\":[{\"@type\":\"ListItem\",\"position\":1,\"name\":\"Home\",\"item\":\"https:\/\/merlerandmae.com\/en\/\"},{\"@type\":\"ListItem\",\"position\":2,\"name\":\"Shop\",\"item\":\"https:\/\/merlerandmae.com\/en\/shop\/\"},{\"@type\":\"ListItem\",\"position\":3,\"name\":\"NECKLACE WATER DROPS\"}]},{\"@type\":\"WebSite\",\"@id\":\"https:\/\/merlerandmae.com\/#website\",\"url\":\"https:\/\/merlerandmae.com\/\",\"name\":\"L\u00d5\u00d5M by Merle Randm\u00e4e | Eesti disain\",\"description\":\"K\u00e4sit\u00f6\u00f6ehted, k\u00f5rvar\u00f5ngad, ripatsid\",\"publisher\":{\"@id\":\"https:\/\/merlerandmae.com\/#organization\"},\"potentialAction\":[{\"@type\":\"SearchAction\",\"target\":{\"@type\":\"EntryPoint\",\"urlTemplate\":\"https:\/\/merlerandmae.com\/?s={search_term_string}\"},\"query-input\":{\"@type\":\"PropertyValueSpecification\",\"valueRequired\":true,\"valueName\":\"search_term_string\"}}],\"inLanguage\":\"en-US\"},{\"@type\":\"Organization\",\"@id\":\"https:\/\/merlerandmae.com\/#organization\",\"name\":\"L\u00d5\u00d5M by Merle Randm\u00e4e | Eesti disain\",\"url\":\"https:\/\/merlerandmae.com\/\",\"logo\":{\"@type\":\"ImageObject\",\"inLanguage\":\"en-US\",\"@id\":\"https:\/\/merlerandmae.com\/#\/schema\/logo\/image\/\",\"url\":\"https:\/\/merlerandmae.com\/wp-content\/uploads\/2020\/11\/LOOM_logo.svg\",\"contentUrl\":\"https:\/\/merlerandmae.com\/wp-content\/uploads\/2020\/11\/LOOM_logo.svg\",\"width\":128,\"height\":100,\"caption\":\"L\u00d5\u00d5M by Merle Randm\u00e4e | Eesti disain\"},\"image\":{\"@id\":\"https:\/\/merlerandmae.com\/#\/schema\/logo\/image\/\"}}]}<\/script>\n<!-- \/ Yoast SEO plugin. -->","yoast_head_json":{"title":"NECKLACE WATER DROPS &#8226; L\u00d5\u00d5M by Merle Randm\u00e4e | Eesti disain","description":"L\u00d5\u00d5M ehtedisain on julge ja eneseteadlik, armastab m\u00e4ngulisust ja ajatut minimalismi. K\u00f5ik on Eesti disain ja k\u00e4sit\u00f6\u00f6. Vaata valikut siit!","robots":{"index":"index","follow":"follow","max-snippet":"max-snippet:-1","max-image-preview":"max-image-preview:large","max-video-preview":"max-video-preview:-1"},"canonical":"https:\/\/merlerandmae.com\/en\/toode\/necklace-water-drops\/","og_locale":"en_US","og_type":"article","og_title":"NECKLACE WATER DROPS &#8226; L\u00d5\u00d5M by Merle Randm\u00e4e | Eesti disain","og_description":"L\u00d5\u00d5M ehtedisain on julge ja eneseteadlik, armastab m\u00e4ngulisust ja ajatut minimalismi. K\u00f5ik on Eesti disain ja k\u00e4sit\u00f6\u00f6. Vaata valikut siit!","og_url":"https:\/\/merlerandmae.com\/en\/toode\/necklace-water-drops\/","og_site_name":"L\u00d5\u00d5M by Merle Randm\u00e4e | Eesti disain","article_modified_time":"2022-10-31T18:14:05+00:00","og_image":[{"width":1052,"height":1578,"url":"https:\/\/merlerandmae.com\/wp-content\/uploads\/2020\/12\/ehted-23-1-VESI-3.jpg","type":"image\/jpeg"}],"twitter_card":"summary_large_image","schema":{"@context":"https:\/\/schema.org","@graph":[{"@type":"WebPage","@id":"https:\/\/merlerandmae.com\/en\/toode\/necklace-water-drops\/","url":"https:\/\/merlerandmae.com\/en\/toode\/necklace-water-drops\/","name":"NECKLACE WATER DROPS &#8226; L\u00d5\u00d5M by Merle Randm\u00e4e | Eesti disain","isPartOf":{"@id":"https:\/\/merlerandmae.com\/#website"},"primaryImageOfPage":{"@id":"https:\/\/merlerandmae.com\/en\/toode\/necklace-water-drops\/#primaryimage"},"image":{"@id":"https:\/\/merlerandmae.com\/en\/toode\/necklace-water-drops\/#primaryimage"},"thumbnailUrl":"https:\/\/merlerandmae.com\/wp-content\/uploads\/2020\/12\/ehted-23-1-VESI-3.jpg","datePublished":"2020-12-08T11:27:11+00:00","dateModified":"2022-10-31T18:14:05+00:00","description":"L\u00d5\u00d5M ehtedisain on julge ja eneseteadlik, armastab m\u00e4ngulisust ja ajatut minimalismi. K\u00f5ik on Eesti disain ja k\u00e4sit\u00f6\u00f6. Vaata valikut siit!","breadcrumb":{"@id":"https:\/\/merlerandmae.com\/en\/toode\/necklace-water-drops\/#breadcrumb"},"inLanguage":"en-US","potentialAction":[{"@type":"ReadAction","target":["https:\/\/merlerandmae.com\/en\/toode\/necklace-water-drops\/"]}]},{"@type":"ImageObject","inLanguage":"en-US","@id":"https:\/\/merlerandmae.com\/en\/toode\/necklace-water-drops\/#primaryimage","url":"https:\/\/merlerandmae.com\/wp-content\/uploads\/2020\/12\/ehted-23-1-VESI-3.jpg","contentUrl":"https:\/\/merlerandmae.com\/wp-content\/uploads\/2020\/12\/ehted-23-1-VESI-3.jpg","width":1052,"height":1578},{"@type":"BreadcrumbList","@id":"https:\/\/merlerandmae.com\/en\/toode\/necklace-water-drops\/#breadcrumb","itemListElement":[{"@type":"ListItem","position":1,"name":"Home","item":"https:\/\/merlerandmae.com\/en\/"},{"@type":"ListItem","position":2,"name":"Shop","item":"https:\/\/merlerandmae.com\/en\/shop\/"},{"@type":"ListItem","position":3,"name":"NECKLACE WATER DROPS"}]},{"@type":"WebSite","@id":"https:\/\/merlerandmae.com\/#website","url":"https:\/\/merlerandmae.com\/","name":"L\u00d5\u00d5M by Merle Randm\u00e4e | Eesti disain","description":"K\u00e4sit\u00f6\u00f6ehted, k\u00f5rvar\u00f5ngad, ripatsid","publisher":{"@id":"https:\/\/merlerandmae.com\/#organization"},"potentialAction":[{"@type":"SearchAction","target":{"@type":"EntryPoint","urlTemplate":"https:\/\/merlerandmae.com\/?s={search_term_string}"},"query-input":{"@type":"PropertyValueSpecification","valueRequired":true,"valueName":"search_term_string"}}],"inLanguage":"en-US"},{"@type":"Organization","@id":"https:\/\/merlerandmae.com\/#organization","name":"L\u00d5\u00d5M by Merle Randm\u00e4e | Eesti disain","url":"https:\/\/merlerandmae.com\/","logo":{"@type":"ImageObject","inLanguage":"en-US","@id":"https:\/\/merlerandmae.com\/#\/schema\/logo\/image\/","url":"https:\/\/merlerandmae.com\/wp-content\/uploads\/2020\/11\/LOOM_logo.svg","contentUrl":"https:\/\/merlerandmae.com\/wp-content\/uploads\/2020\/11\/LOOM_logo.svg","width":128,"height":100,"caption":"L\u00d5\u00d5M by Merle Randm\u00e4e | Eesti disain"},"image":{"@id":"https:\/\/merlerandmae.com\/#\/schema\/logo\/image\/"}}]}},"_links":{"self":[{"href":"https:\/\/merlerandmae.com\/en\/wp-json\/wp\/v2\/product\/528","targetHints":{"allow":["GET"]}}],"collection":[{"href":"https:\/\/merlerandmae.com\/en\/wp-json\/wp\/v2\/product"}],"about":[{"href":"https:\/\/merlerandmae.com\/en\/wp-json\/wp\/v2\/types\/product"}],"wp:featuredmedia":[{"embeddable":true,"href":"https:\/\/merlerandmae.com\/en\/wp-json\/wp\/v2\/media\/302"}],"wp:attachment":[{"href":"https:\/\/merlerandmae.com\/en\/wp-json\/wp\/v2\/media?parent=528"}],"wp:term":[{"taxonomy":"product_brand","embeddable":true,"href":"https:\/\/merlerandmae.com\/en\/wp-json\/wp\/v2\/product_brand?post=528"},{"taxonomy":"product_cat","embeddable":true,"href":"https:\/\/merlerandmae.com\/en\/wp-json\/wp\/v2\/product_cat?post=528"},{"taxonomy":"product_tag","embeddable":true,"href":"https:\/\/merlerandmae.com\/en\/wp-json\/wp\/v2\/product_tag?post=528"}],"curies":[{"name":"wp","href":"https:\/\/api.w.org\/{rel}","templated":true}]}}