{"id":570,"date":"2022-10-30T20:37:05","date_gmt":"2022-10-30T18:37:05","guid":{"rendered":"https:\/\/merlerandmae.com\/?post_type=product&#038;p=570"},"modified":"2022-10-30T20:47:26","modified_gmt":"2022-10-30T18:47:26","slug":"earrings-baroco-fresh-water-pearl","status":"publish","type":"product","link":"https:\/\/merlerandmae.com\/en\/toode\/earrings-baroco-fresh-water-pearl\/","title":{"rendered":"EARRINGS BAROCO FRESH WATER PEARL"},"content":{"rendered":"<h3 style=\"text-align: center;\"><strong>EARRINGS BAROCO FRESH WATER PEARL<\/strong><\/h3>\n<hr \/>\n<h4 style=\"text-align: center;\"><\/h4>\n<h4 style=\"text-align: center;\">Unique and handmade<br \/>\nMade of 925 silver<br \/>\nPacked in beautyful giftbox<br \/>\nEstonian design<br \/>\n___<\/h4>\n<h4 style=\"text-align: center;\">Lenght: -5cm<br \/>\nPearl: -3cm<\/h4>\n","protected":false},"excerpt":{"rendered":"<p>EARRINGS BAROCO FRESH WATER PEARL Unique and handmade Made of 925 silver Packed in beautyful giftbox Estonian design ___ Lenght: -5cm Pearl: -3cm<\/p>\n","protected":false},"featured_media":573,"template":"","meta":{"_acf_changed":false},"product_brand":[],"product_cat":[55,50],"product_tag":[],"class_list":{"0":"post-570","1":"product","2":"type-product","3":"status-publish","4":"has-post-thumbnail","6":"product_cat-baroco-en","7":"product_cat-earrings","9":"first","10":"outofstock","11":"taxable","12":"shipping-taxable","13":"purchasable","14":"product-type-simple"},"acf":[],"yoast_head":"<!-- This site is optimized with the Yoast SEO plugin v26.8 - https:\/\/yoast.com\/product\/yoast-seo-wordpress\/ -->\n<title>EARRINGS BAROCO FRESH WATER PEARL &#8226; L\u00d5\u00d5M by Merle Randm\u00e4e | Eesti disain<\/title>\n<meta name=\"description\" content=\"L\u00d5\u00d5M ehtedisain on julge ja eneseteadlik, armastab m\u00e4ngulisust ja ajatut minimalismi. K\u00f5ik on Eesti disain ja k\u00e4sit\u00f6\u00f6. Vaata valikut siit!\" \/>\n<meta name=\"robots\" content=\"index, follow, max-snippet:-1, max-image-preview:large, max-video-preview:-1\" \/>\n<link rel=\"canonical\" href=\"https:\/\/www.merlerandmae.com\/en\/toode\/earrings-baroco-fresh-water-pearl\/\" \/>\n<meta property=\"og:locale\" content=\"en_US\" \/>\n<meta property=\"og:type\" content=\"article\" \/>\n<meta property=\"og:title\" content=\"EARRINGS BAROCO FRESH WATER PEARL &#8226; L\u00d5\u00d5M by Merle Randm\u00e4e | Eesti disain\" \/>\n<meta property=\"og:description\" content=\"L\u00d5\u00d5M ehtedisain on julge ja eneseteadlik, armastab m\u00e4ngulisust ja ajatut minimalismi. K\u00f5ik on Eesti disain ja k\u00e4sit\u00f6\u00f6. Vaata valikut siit!\" \/>\n<meta property=\"og:url\" content=\"https:\/\/www.merlerandmae.com\/en\/toode\/earrings-baroco-fresh-water-pearl\/\" \/>\n<meta property=\"og:site_name\" content=\"L\u00d5\u00d5M by Merle Randm\u00e4e | Eesti disain\" \/>\n<meta property=\"article:modified_time\" content=\"2022-10-30T18:47:26+00:00\" \/>\n<meta property=\"og:image\" content=\"https:\/\/www.merlerandmae.com\/wp-content\/uploads\/2022\/10\/KORVARONGAD-BAROCO-MAGEVEEPARL-Hobe-925-pikkus5cm-\u00b4parl3cm-Hind249E-scaled.jpg\" \/>\n\t<meta property=\"og:image:width\" content=\"1707\" \/>\n\t<meta property=\"og:image:height\" content=\"2560\" \/>\n\t<meta property=\"og:image:type\" content=\"image\/jpeg\" \/>\n<meta name=\"twitter:card\" content=\"summary_large_image\" \/>\n<script type=\"application\/ld+json\" class=\"yoast-schema-graph\">{\"@context\":\"https:\/\/schema.org\",\"@graph\":[{\"@type\":\"WebPage\",\"@id\":\"https:\/\/www.merlerandmae.com\/en\/toode\/earrings-baroco-fresh-water-pearl\/\",\"url\":\"https:\/\/www.merlerandmae.com\/en\/toode\/earrings-baroco-fresh-water-pearl\/\",\"name\":\"EARRINGS BAROCO FRESH WATER PEARL &#8226; L\u00d5\u00d5M by Merle Randm\u00e4e | Eesti disain\",\"isPartOf\":{\"@id\":\"https:\/\/merlerandmae.com\/#website\"},\"primaryImageOfPage\":{\"@id\":\"https:\/\/www.merlerandmae.com\/en\/toode\/earrings-baroco-fresh-water-pearl\/#primaryimage\"},\"image\":{\"@id\":\"https:\/\/www.merlerandmae.com\/en\/toode\/earrings-baroco-fresh-water-pearl\/#primaryimage\"},\"thumbnailUrl\":\"https:\/\/www.merlerandmae.com\/wp-content\/uploads\/2022\/10\/KORVARONGAD-BAROCO-MAGEVEEPARL-Hobe-925-pikkus5cm-\u00b4parl3cm-Hind249E-scaled.jpg\",\"datePublished\":\"2022-10-30T18:37:05+00:00\",\"dateModified\":\"2022-10-30T18:47:26+00:00\",\"description\":\"L\u00d5\u00d5M ehtedisain on julge ja eneseteadlik, armastab m\u00e4ngulisust ja ajatut minimalismi. K\u00f5ik on Eesti disain ja k\u00e4sit\u00f6\u00f6. Vaata valikut siit!\",\"breadcrumb\":{\"@id\":\"https:\/\/www.merlerandmae.com\/en\/toode\/earrings-baroco-fresh-water-pearl\/#breadcrumb\"},\"inLanguage\":\"en-US\",\"potentialAction\":[{\"@type\":\"ReadAction\",\"target\":[\"https:\/\/www.merlerandmae.com\/en\/toode\/earrings-baroco-fresh-water-pearl\/\"]}]},{\"@type\":\"ImageObject\",\"inLanguage\":\"en-US\",\"@id\":\"https:\/\/www.merlerandmae.com\/en\/toode\/earrings-baroco-fresh-water-pearl\/#primaryimage\",\"url\":\"https:\/\/www.merlerandmae.com\/wp-content\/uploads\/2022\/10\/KORVARONGAD-BAROCO-MAGEVEEPARL-Hobe-925-pikkus5cm-\u00b4parl3cm-Hind249E-scaled.jpg\",\"contentUrl\":\"https:\/\/www.merlerandmae.com\/wp-content\/uploads\/2022\/10\/KORVARONGAD-BAROCO-MAGEVEEPARL-Hobe-925-pikkus5cm-\u00b4parl3cm-Hind249E-scaled.jpg\",\"width\":1707,\"height\":2560},{\"@type\":\"BreadcrumbList\",\"@id\":\"https:\/\/www.merlerandmae.com\/en\/toode\/earrings-baroco-fresh-water-pearl\/#breadcrumb\",\"itemListElement\":[{\"@type\":\"ListItem\",\"position\":1,\"name\":\"Home\",\"item\":\"https:\/\/www.merlerandmae.com\/en\/\"},{\"@type\":\"ListItem\",\"position\":2,\"name\":\"Shop\",\"item\":\"https:\/\/www.merlerandmae.com\/en\/shop\/\"},{\"@type\":\"ListItem\",\"position\":3,\"name\":\"EARRINGS BAROCO FRESH WATER PEARL\"}]},{\"@type\":\"WebSite\",\"@id\":\"https:\/\/merlerandmae.com\/#website\",\"url\":\"https:\/\/merlerandmae.com\/\",\"name\":\"L\u00d5\u00d5M by Merle Randm\u00e4e | Eesti disain\",\"description\":\"K\u00e4sit\u00f6\u00f6ehted, k\u00f5rvar\u00f5ngad, ripatsid\",\"publisher\":{\"@id\":\"https:\/\/merlerandmae.com\/#organization\"},\"potentialAction\":[{\"@type\":\"SearchAction\",\"target\":{\"@type\":\"EntryPoint\",\"urlTemplate\":\"https:\/\/merlerandmae.com\/?s={search_term_string}\"},\"query-input\":{\"@type\":\"PropertyValueSpecification\",\"valueRequired\":true,\"valueName\":\"search_term_string\"}}],\"inLanguage\":\"en-US\"},{\"@type\":\"Organization\",\"@id\":\"https:\/\/merlerandmae.com\/#organization\",\"name\":\"L\u00d5\u00d5M by Merle Randm\u00e4e | Eesti disain\",\"url\":\"https:\/\/merlerandmae.com\/\",\"logo\":{\"@type\":\"ImageObject\",\"inLanguage\":\"en-US\",\"@id\":\"https:\/\/merlerandmae.com\/#\/schema\/logo\/image\/\",\"url\":\"https:\/\/www.merlerandmae.com\/wp-content\/uploads\/2020\/11\/LOOM_logo.svg\",\"contentUrl\":\"https:\/\/www.merlerandmae.com\/wp-content\/uploads\/2020\/11\/LOOM_logo.svg\",\"width\":128,\"height\":100,\"caption\":\"L\u00d5\u00d5M by Merle Randm\u00e4e | Eesti disain\"},\"image\":{\"@id\":\"https:\/\/merlerandmae.com\/#\/schema\/logo\/image\/\"}}]}<\/script>\n<!-- \/ Yoast SEO plugin. -->","yoast_head_json":{"title":"EARRINGS BAROCO FRESH WATER PEARL &#8226; L\u00d5\u00d5M by Merle Randm\u00e4e | Eesti disain","description":"L\u00d5\u00d5M ehtedisain on julge ja eneseteadlik, armastab m\u00e4ngulisust ja ajatut minimalismi. K\u00f5ik on Eesti disain ja k\u00e4sit\u00f6\u00f6. Vaata valikut siit!","robots":{"index":"index","follow":"follow","max-snippet":"max-snippet:-1","max-image-preview":"max-image-preview:large","max-video-preview":"max-video-preview:-1"},"canonical":"https:\/\/www.merlerandmae.com\/en\/toode\/earrings-baroco-fresh-water-pearl\/","og_locale":"en_US","og_type":"article","og_title":"EARRINGS BAROCO FRESH WATER PEARL &#8226; L\u00d5\u00d5M by Merle Randm\u00e4e | Eesti disain","og_description":"L\u00d5\u00d5M ehtedisain on julge ja eneseteadlik, armastab m\u00e4ngulisust ja ajatut minimalismi. K\u00f5ik on Eesti disain ja k\u00e4sit\u00f6\u00f6. Vaata valikut siit!","og_url":"https:\/\/www.merlerandmae.com\/en\/toode\/earrings-baroco-fresh-water-pearl\/","og_site_name":"L\u00d5\u00d5M by Merle Randm\u00e4e | Eesti disain","article_modified_time":"2022-10-30T18:47:26+00:00","og_image":[{"width":1707,"height":2560,"url":"https:\/\/www.merlerandmae.com\/wp-content\/uploads\/2022\/10\/KORVARONGAD-BAROCO-MAGEVEEPARL-Hobe-925-pikkus5cm-\u00b4parl3cm-Hind249E-scaled.jpg","type":"image\/jpeg"}],"twitter_card":"summary_large_image","schema":{"@context":"https:\/\/schema.org","@graph":[{"@type":"WebPage","@id":"https:\/\/www.merlerandmae.com\/en\/toode\/earrings-baroco-fresh-water-pearl\/","url":"https:\/\/www.merlerandmae.com\/en\/toode\/earrings-baroco-fresh-water-pearl\/","name":"EARRINGS BAROCO FRESH WATER PEARL &#8226; L\u00d5\u00d5M by Merle Randm\u00e4e | Eesti disain","isPartOf":{"@id":"https:\/\/merlerandmae.com\/#website"},"primaryImageOfPage":{"@id":"https:\/\/www.merlerandmae.com\/en\/toode\/earrings-baroco-fresh-water-pearl\/#primaryimage"},"image":{"@id":"https:\/\/www.merlerandmae.com\/en\/toode\/earrings-baroco-fresh-water-pearl\/#primaryimage"},"thumbnailUrl":"https:\/\/www.merlerandmae.com\/wp-content\/uploads\/2022\/10\/KORVARONGAD-BAROCO-MAGEVEEPARL-Hobe-925-pikkus5cm-\u00b4parl3cm-Hind249E-scaled.jpg","datePublished":"2022-10-30T18:37:05+00:00","dateModified":"2022-10-30T18:47:26+00:00","description":"L\u00d5\u00d5M ehtedisain on julge ja eneseteadlik, armastab m\u00e4ngulisust ja ajatut minimalismi. K\u00f5ik on Eesti disain ja k\u00e4sit\u00f6\u00f6. Vaata valikut siit!","breadcrumb":{"@id":"https:\/\/www.merlerandmae.com\/en\/toode\/earrings-baroco-fresh-water-pearl\/#breadcrumb"},"inLanguage":"en-US","potentialAction":[{"@type":"ReadAction","target":["https:\/\/www.merlerandmae.com\/en\/toode\/earrings-baroco-fresh-water-pearl\/"]}]},{"@type":"ImageObject","inLanguage":"en-US","@id":"https:\/\/www.merlerandmae.com\/en\/toode\/earrings-baroco-fresh-water-pearl\/#primaryimage","url":"https:\/\/www.merlerandmae.com\/wp-content\/uploads\/2022\/10\/KORVARONGAD-BAROCO-MAGEVEEPARL-Hobe-925-pikkus5cm-\u00b4parl3cm-Hind249E-scaled.jpg","contentUrl":"https:\/\/www.merlerandmae.com\/wp-content\/uploads\/2022\/10\/KORVARONGAD-BAROCO-MAGEVEEPARL-Hobe-925-pikkus5cm-\u00b4parl3cm-Hind249E-scaled.jpg","width":1707,"height":2560},{"@type":"BreadcrumbList","@id":"https:\/\/www.merlerandmae.com\/en\/toode\/earrings-baroco-fresh-water-pearl\/#breadcrumb","itemListElement":[{"@type":"ListItem","position":1,"name":"Home","item":"https:\/\/www.merlerandmae.com\/en\/"},{"@type":"ListItem","position":2,"name":"Shop","item":"https:\/\/www.merlerandmae.com\/en\/shop\/"},{"@type":"ListItem","position":3,"name":"EARRINGS BAROCO FRESH WATER PEARL"}]},{"@type":"WebSite","@id":"https:\/\/merlerandmae.com\/#website","url":"https:\/\/merlerandmae.com\/","name":"L\u00d5\u00d5M by Merle Randm\u00e4e | Eesti disain","description":"K\u00e4sit\u00f6\u00f6ehted, k\u00f5rvar\u00f5ngad, ripatsid","publisher":{"@id":"https:\/\/merlerandmae.com\/#organization"},"potentialAction":[{"@type":"SearchAction","target":{"@type":"EntryPoint","urlTemplate":"https:\/\/merlerandmae.com\/?s={search_term_string}"},"query-input":{"@type":"PropertyValueSpecification","valueRequired":true,"valueName":"search_term_string"}}],"inLanguage":"en-US"},{"@type":"Organization","@id":"https:\/\/merlerandmae.com\/#organization","name":"L\u00d5\u00d5M by Merle Randm\u00e4e | Eesti disain","url":"https:\/\/merlerandmae.com\/","logo":{"@type":"ImageObject","inLanguage":"en-US","@id":"https:\/\/merlerandmae.com\/#\/schema\/logo\/image\/","url":"https:\/\/www.merlerandmae.com\/wp-content\/uploads\/2020\/11\/LOOM_logo.svg","contentUrl":"https:\/\/www.merlerandmae.com\/wp-content\/uploads\/2020\/11\/LOOM_logo.svg","width":128,"height":100,"caption":"L\u00d5\u00d5M by Merle Randm\u00e4e | Eesti disain"},"image":{"@id":"https:\/\/merlerandmae.com\/#\/schema\/logo\/image\/"}}]}},"_links":{"self":[{"href":"https:\/\/merlerandmae.com\/en\/wp-json\/wp\/v2\/product\/570","targetHints":{"allow":["GET"]}}],"collection":[{"href":"https:\/\/merlerandmae.com\/en\/wp-json\/wp\/v2\/product"}],"about":[{"href":"https:\/\/merlerandmae.com\/en\/wp-json\/wp\/v2\/types\/product"}],"wp:featuredmedia":[{"embeddable":true,"href":"https:\/\/merlerandmae.com\/en\/wp-json\/wp\/v2\/media\/573"}],"wp:attachment":[{"href":"https:\/\/merlerandmae.com\/en\/wp-json\/wp\/v2\/media?parent=570"}],"wp:term":[{"taxonomy":"product_brand","embeddable":true,"href":"https:\/\/merlerandmae.com\/en\/wp-json\/wp\/v2\/product_brand?post=570"},{"taxonomy":"product_cat","embeddable":true,"href":"https:\/\/merlerandmae.com\/en\/wp-json\/wp\/v2\/product_cat?post=570"},{"taxonomy":"product_tag","embeddable":true,"href":"https:\/\/merlerandmae.com\/en\/wp-json\/wp\/v2\/product_tag?post=570"}],"curies":[{"name":"wp","href":"https:\/\/api.w.org\/{rel}","templated":true}]}}